{"id":1462,"date":"2019-05-02T11:44:57","date_gmt":"2019-05-02T09:44:57","guid":{"rendered":"https:\/\/www.musikferien.amj-musik.de\/?page_id=1462"},"modified":"2026-02-10T17:05:54","modified_gmt":"2026-02-10T16:05:54","slug":"musikferien","status":"publish","type":"page","link":"https:\/\/musikferien-amj.de\/fr\/musikferien\/","title":{"rendered":"Vacances musicales"},"content":{"rendered":"<div id=\"pl-1462\"  class=\"panel-layout\" ><div id=\"pg-1462-0\"  class=\"panel-grid panel-has-style\" ><div style=\"padding: 0px 0; \" data-overlay=\"true\" data-overlay-color=\"#000000\" class=\"panel-row-style panel-row-style-for-1462-0\" ><div id=\"pgc-1462-0-0\"  class=\"panel-grid-cell\" ><div id=\"panel-1462-0-0-0\" class=\"so-panel widget widget_sow-slider panel-first-child panel-last-child\" data-index=\"0\" ><div style=\"text-align: left;\" data-title-color=\"#443f3f\" data-headings-color=\"#443f3f\" class=\"panel-widget-style panel-widget-style-for-1462-0-0-0\" ><div\n\t\t\t\n\t\t\tclass=\"so-widget-sow-slider so-widget-sow-slider-default-6d39609536fd-1462\"\n\t\t\t\n\t\t>\t\t\t\t<div class=\"sow-slider-base\" style=\"display: none\" tabindex=\"0\">\n\t\t\t\t\t<ul\n\t\t\t\t\tclass=\"sow-slider-images\"\n\t\t\t\t\tdata-settings=\"{&quot;pagination&quot;:true,&quot;speed&quot;:800,&quot;timeout&quot;:5000,&quot;paused&quot;:false,&quot;pause_on_hover&quot;:false,&quot;swipe&quot;:true,&quot;nav_always_show_desktop&quot;:&quot;&quot;,&quot;nav_always_show_mobile&quot;:&quot;&quot;,&quot;breakpoint&quot;:&quot;780px&quot;,&quot;unmute&quot;:false,&quot;anchor&quot;:null}\"\n\t\t\t\t\t\t\t\t\t\tdata-anchor-id=\"\"\n\t\t\t\t>\t\t<li class=\"sow-slider-image\" style=\"visibility: visible;\" >\n\t\t\t\t\t\t<img loading=\"lazy\" decoding=\"async\" width=\"1920\" height=\"1080\" src=\"https:\/\/musikferien-amj.de\/wp-content\/uploads\/2019\/09\/Burg-Rothenfels-2016-1.jpg\" class=\"sow-slider-background-image\" alt=\"\" style=\"\" srcset=\"https:\/\/musikferien-amj.de\/wp-content\/uploads\/2019\/09\/Burg-Rothenfels-2016-1.jpg 1920w, https:\/\/musikferien-amj.de\/wp-content\/uploads\/2019\/09\/Burg-Rothenfels-2016-1-300x169.jpg 300w, https:\/\/musikferien-amj.de\/wp-content\/uploads\/2019\/09\/Burg-Rothenfels-2016-1-768x432.jpg 768w, https:\/\/musikferien-amj.de\/wp-content\/uploads\/2019\/09\/Burg-Rothenfels-2016-1-1024x576.jpg 1024w, https:\/\/musikferien-amj.de\/wp-content\/uploads\/2019\/09\/Burg-Rothenfels-2016-1-830x467.jpg 830w, https:\/\/musikferien-amj.de\/wp-content\/uploads\/2019\/09\/Burg-Rothenfels-2016-1-230x129.jpg 230w, https:\/\/musikferien-amj.de\/wp-content\/uploads\/2019\/09\/Burg-Rothenfels-2016-1-350x197.jpg 350w, https:\/\/musikferien-amj.de\/wp-content\/uploads\/2019\/09\/Burg-Rothenfels-2016-1-480x270.jpg 480w\" sizes=\"auto, (max-width: 1920px) 100vw, 1920px\" \/>\t\t<\/li>\n\t\t\t\t<li class=\"sow-slider-image\" style=\"visibility: hidden;\" >\n\t\t\t\t\t\t<img loading=\"lazy\" decoding=\"async\" width=\"1859\" height=\"1240\" src=\"https:\/\/musikferien-amj.de\/wp-content\/uploads\/2019\/08\/slide_musikferien_2.jpg\" class=\"sow-slider-background-image\" alt=\"\" style=\"\" srcset=\"https:\/\/musikferien-amj.de\/wp-content\/uploads\/2019\/08\/slide_musikferien_2.jpg 1859w, https:\/\/musikferien-amj.de\/wp-content\/uploads\/2019\/08\/slide_musikferien_2-300x200.jpg 300w, https:\/\/musikferien-amj.de\/wp-content\/uploads\/2019\/08\/slide_musikferien_2-768x512.jpg 768w, https:\/\/musikferien-amj.de\/wp-content\/uploads\/2019\/08\/slide_musikferien_2-1024x683.jpg 1024w, https:\/\/musikferien-amj.de\/wp-content\/uploads\/2019\/08\/slide_musikferien_2-400x266.jpg 400w, https:\/\/musikferien-amj.de\/wp-content\/uploads\/2019\/08\/slide_musikferien_2-830x554.jpg 830w, https:\/\/musikferien-amj.de\/wp-content\/uploads\/2019\/08\/slide_musikferien_2-230x153.jpg 230w, https:\/\/musikferien-amj.de\/wp-content\/uploads\/2019\/08\/slide_musikferien_2-350x233.jpg 350w, https:\/\/musikferien-amj.de\/wp-content\/uploads\/2019\/08\/slide_musikferien_2-480x320.jpg 480w, https:\/\/musikferien-amj.de\/wp-content\/uploads\/2019\/08\/slide_musikferien_2-272x182.jpg 272w\" sizes=\"auto, (max-width: 1859px) 100vw, 1859px\" \/>\t\t<\/li>\n\t\t\t\t<li class=\"sow-slider-image\" style=\"visibility: hidden;\" >\n\t\t\t\t\t\t<img loading=\"lazy\" decoding=\"async\" width=\"940\" height=\"300\" src=\"https:\/\/musikferien-amj.de\/wp-content\/uploads\/2019\/09\/image009-1_sliderklein.jpg\" class=\"sow-slider-background-image\" alt=\"\" style=\"\" srcset=\"https:\/\/musikferien-amj.de\/wp-content\/uploads\/2019\/09\/image009-1_sliderklein.jpg 940w, https:\/\/musikferien-amj.de\/wp-content\/uploads\/2019\/09\/image009-1_sliderklein-300x96.jpg 300w, https:\/\/musikferien-amj.de\/wp-content\/uploads\/2019\/09\/image009-1_sliderklein-768x245.jpg 768w, https:\/\/musikferien-amj.de\/wp-content\/uploads\/2019\/09\/image009-1_sliderklein-830x265.jpg 830w, https:\/\/musikferien-amj.de\/wp-content\/uploads\/2019\/09\/image009-1_sliderklein-230x73.jpg 230w, https:\/\/musikferien-amj.de\/wp-content\/uploads\/2019\/09\/image009-1_sliderklein-350x112.jpg 350w, https:\/\/musikferien-amj.de\/wp-content\/uploads\/2019\/09\/image009-1_sliderklein-480x153.jpg 480w\" sizes=\"auto, (max-width: 940px) 100vw, 940px\" \/>\t\t<\/li>\n\t\t<\/ul>\t\t\t\t<ol class=\"sow-slider-pagination\">\n\t\t\t\t\t\t\t\t\t\t\t<li><a href=\"#\" data-goto=\"0\" aria-label=\"Display slide 1\"><\/a><\/li>\n\t\t\t\t\t\t\t\t\t\t\t<li><a href=\"#\" data-goto=\"1\" aria-label=\"Display slide 2\"><\/a><\/li>\n\t\t\t\t\t\t\t\t\t\t\t<li><a href=\"#\" data-goto=\"2\" aria-label=\"Display slide 3\"><\/a><\/li>\n\t\t\t\t\t\t\t\t\t<\/ol>\n\n\t\t\t\t<div class=\"sow-slide-nav sow-slide-nav-next\">\n\t\t\t\t\t<a href=\"#\" data-goto=\"next\" aria-label=\"Next slide\" data-action=\"next\">\n\t\t\t\t\t\t<em class=\"sow-sld-icon-thin-right\"><\/em>\n\t\t\t\t\t<\/a>\n\t\t\t\t<\/div>\n\n\t\t\t\t<div class=\"sow-slide-nav sow-slide-nav-prev\">\n\t\t\t\t\t<a href=\"#\" data-goto=\"previous\" aria-label=\"Previous slide\" data-action=\"prev\">\n\t\t\t\t\t\t<em class=\"sow-sld-icon-thin-left\"><\/em>\n\t\t\t\t\t<\/a>\n\t\t\t\t<\/div>\n\t\t\t\t<\/div><\/div><\/div><\/div><\/div><\/div><\/div><div id=\"pg-1462-1\"  class=\"panel-grid panel-has-style\" ><div style=\"padding: 0px 0; \" data-overlay=\"true\" data-overlay-color=\"#000000\" class=\"panel-row-style panel-row-style-for-1462-1\" ><div id=\"pgc-1462-1-0\"  class=\"panel-grid-cell\" ><div id=\"panel-1462-1-0-0\" class=\"so-panel widget widget_text panel-first-child panel-last-child\" data-index=\"1\" ><div style=\"text-align: left;\" data-title-color=\"#443f3f\" data-headings-color=\"#443f3f\" class=\"panel-widget-style panel-widget-style-for-1462-1-0-0\" ><h3 class=\"widget-title\">Musique et vacances pour jeunes musiciens<\/h3>\t\t\t<div class=\"textwidget\"><p>Avec le programme de vacances musicales franco-allemandes, l\u2019Association \u00abLes voix d\u2019Orph\u00e9e, association internationale d\u2019Art et de musique\u00bb offre la possibilit\u00e9 aux enfants et aux adolescents de d\u00e9velopper leurs capacit\u00e9s linguistiques et leurs connaissances musicales durant leurs vacances d\u2019\u00e9t\u00e9. Les participants allemands et fran\u00e7ais (environ 20 pour chaque nationalit\u00e9) passent leurs vacances et font de la musique ensemble. Les ateliers d\u2019orchestre, de ch\u0153ur, de danse et de th\u00e9\u00e2tre ainsi que les sessions d\u2019animation linguistique quotidiennes permettent \u00e0 chacun de faire connaissance et d\u2019appr\u00e9hender la culture de l\u2019autre. De cette fa\u00e7on, ils am\u00e9liorent leurs comp\u00e9tences linguistiques et apprennent de nouvelles \u0153uvres du r\u00e9pertoire pour orchestre et pour ch\u0153ur. Les ateliers sont encadr\u00e9s par des intervenants fran\u00e7ais et allemands. De petites excursions ainsi que des soir\u00e9es jeux ou cin\u00e9ma sont organis\u00e9es en plus du programme musical et de l\u2019animation linguistique.<\/p>\n<p><strong>Vacances musicales 2025<\/strong><br \/>\n<a href=\"https:\/\/musikferien-amj.de\/fr\/schwarzwald\/\">S\u00e9jour musical franco-allemand pour jeunes \u00e2g\u00e9s 11 \u00e0 15 ans, For\u00eat Noire (Allemagne)<\/a><br \/>\n<a href=\"https:\/\/musikferien-amj.de\/dinard\/\">Stage d\u2019orchestre franco-allemand pour jeunes musiciens de 15 \u00e0 21 ans, Bretagne (France)<\/a><\/p>\n<\/div>\n\t\t<\/div><\/div><\/div><\/div><\/div><\/div>","protected":false},"excerpt":{"rendered":"<p>Avec le programme de vacances musicales franco-allemandes, l\u2019Association \u00abLes voix d\u2019Orph\u00e9e, association internationale d\u2019Art et de musique\u00bb offre la possibilit\u00e9 aux enfants [&hellip;]<\/p>\n","protected":false},"author":6,"featured_media":0,"parent":0,"menu_order":9,"comment_status":"closed","ping_status":"closed","template":"page-templates\/page_fullwidth.php","meta":{"_acf_changed":false,"footnotes":""},"class_list":["post-1462","page","type-page","status-publish","hentry"],"acf":[],"_links":{"self":[{"href":"https:\/\/musikferien-amj.de\/fr\/wp-json\/wp\/v2\/pages\/1462","targetHints":{"allow":["GET"]}}],"collection":[{"href":"https:\/\/musikferien-amj.de\/fr\/wp-json\/wp\/v2\/pages"}],"about":[{"href":"https:\/\/musikferien-amj.de\/fr\/wp-json\/wp\/v2\/types\/page"}],"author":[{"embeddable":true,"href":"https:\/\/musikferien-amj.de\/fr\/wp-json\/wp\/v2\/users\/6"}],"replies":[{"embeddable":true,"href":"https:\/\/musikferien-amj.de\/fr\/wp-json\/wp\/v2\/comments?post=1462"}],"version-history":[{"count":124,"href":"https:\/\/musikferien-amj.de\/fr\/wp-json\/wp\/v2\/pages\/1462\/revisions"}],"predecessor-version":[{"id":3372,"href":"https:\/\/musikferien-amj.de\/fr\/wp-json\/wp\/v2\/pages\/1462\/revisions\/3372"}],"wp:attachment":[{"href":"https:\/\/musikferien-amj.de\/fr\/wp-json\/wp\/v2\/media?parent=1462"}],"curies":[{"name":"wp","href":"https:\/\/api.w.org\/{rel}","templated":true}]}}