{"id":3033,"date":"2024-09-06T15:30:37","date_gmt":"2024-09-06T13:30:37","guid":{"rendered":"https:\/\/musikferien-amj.de\/?page_id=3033"},"modified":"2026-01-20T16:36:57","modified_gmt":"2026-01-20T15:36:57","slug":"schwarzwald","status":"publish","type":"page","link":"https:\/\/musikferien-amj.de\/fr\/schwarzwald\/","title":{"rendered":"Stage de musique en for\u00eat noire"},"content":{"rendered":"<div id=\"pl-3033\"  class=\"panel-layout\" ><div id=\"pg-3033-0\"  class=\"panel-grid panel-has-style\" ><div style=\"padding: 0px 0; \" data-overlay=\"true\" data-overlay-color=\"#000000\" class=\"panel-row-style panel-row-style-for-3033-0\" ><div id=\"pgc-3033-0-0\"  class=\"panel-grid-cell\" ><div id=\"panel-3033-0-0-0\" class=\"so-panel widget widget_sow-image panel-first-child panel-last-child\" data-index=\"0\" ><div style=\"text-align: left;\" data-title-color=\"#443f3f\" data-headings-color=\"#443f3f\" class=\"panel-widget-style panel-widget-style-for-3033-0-0-0\" ><div\n\t\t\t\n\t\t\tclass=\"so-widget-sow-image so-widget-sow-image-default-8b5b6f678277-3033\"\n\t\t\t\n\t\t>\n<div class=\"sow-image-container\">\n\t\t<img \n\tsrc=\"https:\/\/musikferien-amj.de\/wp-content\/uploads\/2025\/12\/IMG_20250828_171734-scaled.jpg\" title=\"Stage de musique en for\u00eat noire\" alt=\"\" \t\tclass=\"so-widget-image\"\/>\n\t<\/div>\n\n<\/div><\/div><\/div><\/div><div id=\"pgc-3033-0-1\"  class=\"panel-grid-cell\" ><div id=\"panel-3033-0-1-0\" class=\"so-panel widget widget_sow-image panel-first-child panel-last-child\" data-index=\"1\" ><div style=\"text-align: left;\" data-title-color=\"#443f3f\" data-headings-color=\"#443f3f\" class=\"panel-widget-style panel-widget-style-for-3033-0-1-0\" ><div\n\t\t\t\n\t\t\tclass=\"so-widget-sow-image so-widget-sow-image-default-8b5b6f678277-3033\"\n\t\t\t\n\t\t>\n<div class=\"sow-image-container\">\n\t\t<img \n\tsrc=\"https:\/\/musikferien-amj.de\/wp-content\/uploads\/2025\/12\/IMG_20240824_172831-scaled.jpg\" title=\"Stage de musique en for\u00eat noire\" alt=\"\" \t\tclass=\"so-widget-image\"\/>\n\t<\/div>\n\n<\/div><\/div><\/div><\/div><\/div><\/div><div id=\"pg-3033-1\"  class=\"panel-grid panel-has-style\" ><div style=\"padding: 100px 0; \" data-overlay=\"true\" data-overlay-color=\"#000000\" class=\"panel-row-style panel-row-style-for-3033-1\" ><div id=\"pgc-3033-1-0\"  class=\"panel-grid-cell\" ><div id=\"panel-3033-1-0-0\" class=\"so-panel widget widget_text panel-first-child\" data-index=\"2\" ><div style=\"text-align: left;\" data-title-color=\"#443f3f\" data-headings-color=\"#443f3f\" class=\"panel-widget-style panel-widget-style-for-3033-1-0-0\" ><h3 class=\"widget-title\">S\u00e9jour musical franco-allemand pour jeunes \u00e2g\u00e9s de 11 \u00e0 15 ans, For\u00eat Noire (Allemagne)<\/h3>\t\t\t<div class=\"textwidget\"><h5>17\/08\/2026 \u2013 25\/08\/2026<\/h5>\n<p>C\u2019est en plein c\u0153ur de la For\u00eat noire que se trouve le Freizeitzentrum Dobel. Pendant les vacances d&rsquo;\u00e9t\u00e9, les participants auront la possibilit\u00e9 de travailler, durant ces 9 jours, un nouveau r\u00e9pertoire qui sera pr\u00e9sent\u00e9 au public lors d\u2019un concert \u00e0 la fin du s\u00e9jour (<i>exemple de pi\u00e8ces jou\u00e9es lors des \u00e9ditions pr\u00e9c\u00e9dente\u00a0Franz Schubert : Symphonie n\u00b08, 1er mouvement,\u00a0Piotr Illitch Tchaikovsky : Marche et Trepak (danse russe) de Casse-Noisette,\u00a0Astor Piazzolla : Oblivion\u00a0\u00a0Victor Lopez : Medley James Bond&#8230;)<\/i><\/p>\n<p>Des sessions de travail d&rsquo;orchestre et r\u00e9p\u00e9titions par pupitre auront lieu les matins et les apr\u00e8s-midis.\u00a0\u00a0Les participants auront \u00e9galement l\u2019occasion de jouer du r\u00e9pertoire de musique de chambre en petits groupes, ainsi que de chanter en chorale. A ce programme musical s&rsquo;ajouteront des jeux d&rsquo;animation linguistique autour des cultures fran\u00e7aise et allemande, des petites excursions en for\u00eat et dans la petite ville de Dobel ou Bad Herrenalb.<\/p>\n<p>Une jeune \u00e9quipe de m\u00e9lomanes franco-allemands accompagnera durant le s\u00e9jour les jeunes musiciens. Une semaine de musique et d\u2019\u00e9changes interculturels inoubliable vous attend !<\/p>\n<\/div>\n\t\t<\/div><\/div><div id=\"panel-3033-1-0-1\" class=\"so-panel widget widget_text\" data-index=\"3\" ><div class=\"dark-background panel-widget-style panel-widget-style-for-3033-1-0-1\" style=\"text-align: left;\" data-title-color=\"#443f3f\" data-headings-color=\"#443f3f\" >\t\t\t<div class=\"textwidget\"><p><b>Groupe-cible\u00a0<\/b>: Musiciens d\u2019orchestre \u00e2g\u00e9s de 11 \u00e0 15 ans, minimum 3 ann\u00e9es de cours et de pratique, connaissances en musique de chambre souhait\u00e9es. La connaissance de l&rsquo;allemand n&rsquo;est pas requise.<\/p>\n<p><b>Instruments concern\u00e9s <\/b>: violon, alto, violoncelle, contrebasse, flute, haut-bois, clarinette, basson, cor, trompette, trombone, tuba, percussion.<br \/>\n\u00c9tant donn\u00e9 que l&rsquo;\u00e9criture d&rsquo;une voix suppl\u00e9mentaire, qui ne figure pas sur les partitions d&rsquo;orchestre, repr\u00e9sente un travail suppl\u00e9mentaire consid\u00e9rable pour nous, nous ne pouvons malheureusement pas proposer de places aux pianistes, guitaristes ou harpistes.<\/p>\n<p><b>Objectif\u00a0<\/b>: permettre \u00e0 chacun de perfectionner sa technique instrumentale et de d\u00e9velopper sa musicalit\u00e9 \u00e0 travers la pratique de la musique d\u2019ensemble et d\u00e9couvrir la culture allemande.<\/p>\n<p><b>Chorale (1 h \/ jour) <\/b>: la voix et le chant sous toutes leurs formes comme jeux vocaux, chansons, chant choral, tous r\u00e9pertoires.<\/p>\n<p><b>Orchestre (3 h \/ jour) <\/b>: d\u00e9chiffrage collectif, approfondissement par pupitre, travail collectif de mise en place et d\u2019interpr\u00e9tation. R\u00e9pertoire vari\u00e9, adapt\u00e9 en fonction des niveaux et de la r\u00e9partition instrumentale.<\/p>\n<p><b>Animation linguistique (1 h \/ jour) <\/b>: jeux, d\u00e9blocage, art, surmonter les barri\u00e8res linguistiques, faciliter la communication interculturelle.<\/p>\n<p><b>Autres activit\u00e9s\u00a0<\/b>: activit\u00e9s de d\u00e9tente, musique de chambre, jeux ext\u00e9rieurs, d\u00e9couverte de l\u2019environnement, piscine, balades en for\u00eat, veill\u00e9e&#8230;<\/p>\n<p><b>Lieu\u00a0<\/b>: EC Freizeit- und Schulungszentrum, Eschbachstra\u00dfe 13, 75335 Dobel (Allemagne)<\/p>\n<p><b>Encadrement\u00a0<\/b>: Sara Dicks (organisation), Mona Primke (orchestre), Doroth\u00e9e Royez (r\u00e9p\u00e9titions des cordes), Florian \u00d6ttl (chorale), Lisa Ecker (animation linguistique) et Faustin Ch\u00e9n\u00e9 (activit\u00e9s de loisir)<\/p>\n<p><b>Prix total\u00a0<\/b>: 400,- \u20ac (dont 100,- \u20ac d\u2019acompte) incluant un voyage de groupe A\/R de Paris (en train) ou Karlsruhe.<\/p>\n<p><strong>Date limite d&rsquo;inscription:<\/strong> 30 avril 2026.<\/p>\n<p><b>Contact\u00a0<\/b>: Lisa Ecker (<a href=\"mailto:france@amj-bw.de\">france@amj-bw.de<\/a>)<\/p>\n<p><b>Instagram\u00a0<\/b>: <a href=\"https:\/\/www.instagram.com\/amj_bw\/\">amj_bw<\/a><\/p>\n<p><b>Photos de l&rsquo;ann\u00e9e 2025 <\/b>: <a href=\"https:\/\/amj-bw.de\/bilder-musikfreizeit-im-schwarzwald-2025\/\">Photos 2025<\/a><\/p>\n<p>&nbsp;<\/p>\n<\/div>\n\t\t<\/div><\/div><div id=\"panel-3033-1-0-2\" class=\"so-panel widget widget_sow-button panel-last-child\" data-index=\"4\" ><div style=\"text-align: left;\" data-title-color=\"#443f3f\" data-headings-color=\"#443f3f\" class=\"panel-widget-style panel-widget-style-for-3033-1-0-2\" ><div\n\t\t\t\n\t\t\tclass=\"so-widget-sow-button so-widget-sow-button-flat-196f96fcd32d-3033\"\n\t\t\t\n\t\t><div class=\"ow-button-base ow-button-align-center\"\n>\n\t\t\t<a\n\t\t\t\t\thref=\"https:\/\/musikferien-amj.de\/fr\/schwarzwald-anmeldung-warteliste\/\"\n\t\t\t\t\tclass=\"sowb-button ow-icon-placement-left\" target=\"_blank\" rel=\"noopener noreferrer\" \t>\n\t\t<span>\n\t\t\t<span class=\"sow-icon-fontawesome sow-far\" data-sow-icon=\"&#xf044;\"\n\t\tstyle=\"\" \n\t\taria-hidden=\"true\"><\/span>\n\t\t\tInscription (Liste d\u2018attente)\t\t<\/span>\n\t\t\t<\/a>\n\t<\/div>\n<\/div><\/div><\/div><\/div><\/div><\/div><div id=\"pg-3033-2\"  class=\"panel-grid panel-has-style\" ><div style=\"padding: 0px 0; \" data-overlay=\"true\" data-overlay-color=\"#000000\" class=\"panel-row-style panel-row-style-for-3033-2\" ><div id=\"pgc-3033-2-0\"  class=\"panel-grid-cell\" ><div id=\"panel-3033-2-0-0\" class=\"so-panel widget widget_sow-image panel-first-child panel-last-child\" data-index=\"5\" ><div style=\"text-align: left;\" data-title-color=\"#443f3f\" data-headings-color=\"#443f3f\" class=\"panel-widget-style panel-widget-style-for-3033-2-0-0\" ><div\n\t\t\t\n\t\t\tclass=\"so-widget-sow-image so-widget-sow-image-default-8b5b6f678277-3033\"\n\t\t\t\n\t\t>\n<div class=\"sow-image-container\">\n\t\t<img \n\tsrc=\"https:\/\/musikferien-amj.de\/wp-content\/uploads\/2020\/10\/Les-voix-dorphe\u0301e.png\" width=\"1050\" height=\"600\" srcset=\"https:\/\/musikferien-amj.de\/wp-content\/uploads\/2020\/10\/Les-voix-dorphe\u0301e.png 1050w, https:\/\/musikferien-amj.de\/wp-content\/uploads\/2020\/10\/Les-voix-dorphe\u0301e-300x171.png 300w, https:\/\/musikferien-amj.de\/wp-content\/uploads\/2020\/10\/Les-voix-dorphe\u0301e-1024x585.png 1024w, https:\/\/musikferien-amj.de\/wp-content\/uploads\/2020\/10\/Les-voix-dorphe\u0301e-768x439.png 768w, https:\/\/musikferien-amj.de\/wp-content\/uploads\/2020\/10\/Les-voix-dorphe\u0301e-830x474.png 830w, https:\/\/musikferien-amj.de\/wp-content\/uploads\/2020\/10\/Les-voix-dorphe\u0301e-230x131.png 230w, https:\/\/musikferien-amj.de\/wp-content\/uploads\/2020\/10\/Les-voix-dorphe\u0301e-350x200.png 350w, https:\/\/musikferien-amj.de\/wp-content\/uploads\/2020\/10\/Les-voix-dorphe\u0301e-480x274.png 480w\" sizes=\"(max-width: 1050px) 100vw, 1050px\" title=\"Les voix d&rsquo;orphe\u0301e\" alt=\"\" \t\tclass=\"so-widget-image\"\/>\n\t<\/div>\n\n<\/div><\/div><\/div><\/div><div id=\"pgc-3033-2-1\"  class=\"panel-grid-cell\" ><div id=\"panel-3033-2-1-0\" class=\"so-panel widget widget_text panel-first-child panel-last-child\" data-index=\"6\" ><div style=\"text-align: left;\" data-title-color=\"#443f3f\" data-headings-color=\"#443f3f\" class=\"panel-widget-style panel-widget-style-for-3033-2-1-0\" >\t\t\t<div class=\"textwidget\"><p>En partenariat avec l\u2019Association Les Voix d\u2019Orph\u00e9e \u2013 International Association for Music and Arts<\/p>\n<\/div>\n\t\t<\/div><\/div><\/div><\/div><\/div><\/div>","protected":false},"excerpt":{"rendered":"<p>17\/08\/2026 \u2013 25\/08\/2026 C\u2019est en plein c\u0153ur de la For\u00eat noire que se trouve le Freizeitzentrum Dobel. Pendant les vacances d&rsquo;\u00e9t\u00e9, les [&hellip;]<\/p>\n","protected":false},"author":3,"featured_media":0,"parent":0,"menu_order":3,"comment_status":"closed","ping_status":"closed","template":"page-templates\/page_fullwidth.php","meta":{"_acf_changed":false,"footnotes":""},"class_list":["post-3033","page","type-page","status-publish","hentry"],"acf":[],"_links":{"self":[{"href":"https:\/\/musikferien-amj.de\/fr\/wp-json\/wp\/v2\/pages\/3033","targetHints":{"allow":["GET"]}}],"collection":[{"href":"https:\/\/musikferien-amj.de\/fr\/wp-json\/wp\/v2\/pages"}],"about":[{"href":"https:\/\/musikferien-amj.de\/fr\/wp-json\/wp\/v2\/types\/page"}],"author":[{"embeddable":true,"href":"https:\/\/musikferien-amj.de\/fr\/wp-json\/wp\/v2\/users\/3"}],"replies":[{"embeddable":true,"href":"https:\/\/musikferien-amj.de\/fr\/wp-json\/wp\/v2\/comments?post=3033"}],"version-history":[{"count":58,"href":"https:\/\/musikferien-amj.de\/fr\/wp-json\/wp\/v2\/pages\/3033\/revisions"}],"predecessor-version":[{"id":3334,"href":"https:\/\/musikferien-amj.de\/fr\/wp-json\/wp\/v2\/pages\/3033\/revisions\/3334"}],"wp:attachment":[{"href":"https:\/\/musikferien-amj.de\/fr\/wp-json\/wp\/v2\/media?parent=3033"}],"curies":[{"name":"wp","href":"https:\/\/api.w.org\/{rel}","templated":true}]}}